{"id":1010,"date":"2025-02-11T11:31:45","date_gmt":"2025-02-11T16:31:45","guid":{"rendered":"https:\/\/resiquim.com\/?post_type=product&#038;p=1010"},"modified":"2025-09-01T13:10:57","modified_gmt":"2025-09-01T18:10:57","slug":"fosfato-trisodico","status":"publish","type":"product","link":"http:\/\/www.resiquim.com\/?product=fosfato-trisodico","title":{"rendered":"FOSFATO TRIS\u00d3DICO"},"content":{"rendered":"<p>S\u00f3lido cristalino blanco, inodoro, de aspecto pulverulento o granulado, soluble en agua y con sensaci\u00f3n jabonosa al tacto.<\/p>\n","protected":false},"excerpt":{"rendered":"<p>S\u00f3lido cristalino blanco, inodoro, de aspecto pulverulento o granulado, soluble en agua y con sensaci\u00f3n jabonosa al tacto.<\/p>\n","protected":false},"featured_media":1011,"comment_status":"open","ping_status":"closed","template":"","meta":[],"product_brand":[],"product_cat":[61,24],"product_tag":[],"class_list":{"0":"post-1010","1":"product","2":"type-product","3":"status-publish","4":"has-post-thumbnail","6":"product_cat-alimenticia","7":"product_cat-limpieza","9":"first","10":"instock","11":"shipping-taxable","12":"product-type-simple"},"_links":{"self":[{"href":"http:\/\/www.resiquim.com\/index.php?rest_route=\/wp\/v2\/product\/1010","targetHints":{"allow":["GET"]}}],"collection":[{"href":"http:\/\/www.resiquim.com\/index.php?rest_route=\/wp\/v2\/product"}],"about":[{"href":"http:\/\/www.resiquim.com\/index.php?rest_route=\/wp\/v2\/types\/product"}],"replies":[{"embeddable":true,"href":"http:\/\/www.resiquim.com\/index.php?rest_route=%2Fwp%2Fv2%2Fcomments&post=1010"}],"wp:featuredmedia":[{"embeddable":true,"href":"http:\/\/www.resiquim.com\/index.php?rest_route=\/wp\/v2\/media\/1011"}],"wp:attachment":[{"href":"http:\/\/www.resiquim.com\/index.php?rest_route=%2Fwp%2Fv2%2Fmedia&parent=1010"}],"wp:term":[{"taxonomy":"product_brand","embeddable":true,"href":"http:\/\/www.resiquim.com\/index.php?rest_route=%2Fwp%2Fv2%2Fproduct_brand&post=1010"},{"taxonomy":"product_cat","embeddable":true,"href":"http:\/\/www.resiquim.com\/index.php?rest_route=%2Fwp%2Fv2%2Fproduct_cat&post=1010"},{"taxonomy":"product_tag","embeddable":true,"href":"http:\/\/www.resiquim.com\/index.php?rest_route=%2Fwp%2Fv2%2Fproduct_tag&post=1010"}],"curies":[{"name":"wp","href":"https:\/\/api.w.org\/{rel}","templated":true}]}}