{"id":1177,"date":"2025-08-29T16:32:24","date_gmt":"2025-08-29T21:32:24","guid":{"rendered":"https:\/\/resiquim.com\/?post_type=product&#038;p=1177"},"modified":"2025-10-10T04:29:29","modified_gmt":"2025-10-10T09:29:29","slug":"acido-folico","status":"publish","type":"product","link":"http:\/\/www.resiquim.com\/?product=acido-folico","title":{"rendered":"\u00c1CIDO F\u00d3LICO"},"content":{"rendered":"<p>Compuesto s\u00f3lido, generalmente en polvo, relacionado con suplementaci\u00f3n vitam\u00ednica.<\/p>\n","protected":false},"excerpt":{"rendered":"<p>Compuesto s\u00f3lido, generalmente en polvo, relacionado con suplementaci\u00f3n vitam\u00ednica.<\/p>\n","protected":false},"featured_media":1178,"comment_status":"open","ping_status":"closed","template":"","meta":[],"product_brand":[],"product_cat":[61,33,62],"product_tag":[],"class_list":{"0":"post-1177","1":"product","2":"type-product","3":"status-publish","4":"has-post-thumbnail","6":"product_cat-alimenticia","7":"product_cat-farmaceutica","8":"product_cat-cosmetica","10":"first","11":"instock","12":"shipping-taxable","13":"product-type-simple"},"_links":{"self":[{"href":"http:\/\/www.resiquim.com\/index.php?rest_route=\/wp\/v2\/product\/1177","targetHints":{"allow":["GET"]}}],"collection":[{"href":"http:\/\/www.resiquim.com\/index.php?rest_route=\/wp\/v2\/product"}],"about":[{"href":"http:\/\/www.resiquim.com\/index.php?rest_route=\/wp\/v2\/types\/product"}],"replies":[{"embeddable":true,"href":"http:\/\/www.resiquim.com\/index.php?rest_route=%2Fwp%2Fv2%2Fcomments&post=1177"}],"wp:featuredmedia":[{"embeddable":true,"href":"http:\/\/www.resiquim.com\/index.php?rest_route=\/wp\/v2\/media\/1178"}],"wp:attachment":[{"href":"http:\/\/www.resiquim.com\/index.php?rest_route=%2Fwp%2Fv2%2Fmedia&parent=1177"}],"wp:term":[{"taxonomy":"product_brand","embeddable":true,"href":"http:\/\/www.resiquim.com\/index.php?rest_route=%2Fwp%2Fv2%2Fproduct_brand&post=1177"},{"taxonomy":"product_cat","embeddable":true,"href":"http:\/\/www.resiquim.com\/index.php?rest_route=%2Fwp%2Fv2%2Fproduct_cat&post=1177"},{"taxonomy":"product_tag","embeddable":true,"href":"http:\/\/www.resiquim.com\/index.php?rest_route=%2Fwp%2Fv2%2Fproduct_tag&post=1177"}],"curies":[{"name":"wp","href":"https:\/\/api.w.org\/{rel}","templated":true}]}}