{"id":1196,"date":"2025-09-01T13:24:07","date_gmt":"2025-09-01T18:24:07","guid":{"rendered":"https:\/\/resiquim.com\/?post_type=product&#038;p=1196"},"modified":"2025-09-01T13:24:14","modified_gmt":"2025-09-01T18:24:14","slug":"pirofosfato-acido-de-sodio","status":"publish","type":"product","link":"http:\/\/www.resiquim.com\/?product=pirofosfato-acido-de-sodio","title":{"rendered":"PIROFOSFATO \u00c1CIDO DE SODIO"},"content":{"rendered":"<p>Polvo blanco, inodoro, soluble en agua, de sabor salado-\u00e1cido y reacci\u00f3n \u00e1cida en soluci\u00f3n.<\/p>\n","protected":false},"excerpt":{"rendered":"<p>Polvo blanco, inodoro, soluble en agua, de sabor salado-\u00e1cido y reacci\u00f3n \u00e1cida en soluci\u00f3n.<\/p>\n","protected":false},"featured_media":1197,"comment_status":"open","ping_status":"closed","template":"","meta":[],"product_brand":[],"product_cat":[61,33,62,37,59,24,29,34],"product_tag":[],"class_list":{"0":"post-1196","1":"product","2":"type-product","3":"status-publish","4":"has-post-thumbnail","6":"product_cat-alimenticia","7":"product_cat-farmaceutica","8":"product_cat-cosmetica","9":"product_cat-textil-latex-cueros-y-curtidos","10":"product_cat-pinturas-plasticos-y-recubrimientos","11":"product_cat-limpieza","12":"product_cat-tratamiento-de-aguas","13":"product_cat-galvanoplastia","15":"first","16":"instock","17":"shipping-taxable","18":"product-type-simple"},"_links":{"self":[{"href":"http:\/\/www.resiquim.com\/index.php?rest_route=\/wp\/v2\/product\/1196","targetHints":{"allow":["GET"]}}],"collection":[{"href":"http:\/\/www.resiquim.com\/index.php?rest_route=\/wp\/v2\/product"}],"about":[{"href":"http:\/\/www.resiquim.com\/index.php?rest_route=\/wp\/v2\/types\/product"}],"replies":[{"embeddable":true,"href":"http:\/\/www.resiquim.com\/index.php?rest_route=%2Fwp%2Fv2%2Fcomments&post=1196"}],"wp:featuredmedia":[{"embeddable":true,"href":"http:\/\/www.resiquim.com\/index.php?rest_route=\/wp\/v2\/media\/1197"}],"wp:attachment":[{"href":"http:\/\/www.resiquim.com\/index.php?rest_route=%2Fwp%2Fv2%2Fmedia&parent=1196"}],"wp:term":[{"taxonomy":"product_brand","embeddable":true,"href":"http:\/\/www.resiquim.com\/index.php?rest_route=%2Fwp%2Fv2%2Fproduct_brand&post=1196"},{"taxonomy":"product_cat","embeddable":true,"href":"http:\/\/www.resiquim.com\/index.php?rest_route=%2Fwp%2Fv2%2Fproduct_cat&post=1196"},{"taxonomy":"product_tag","embeddable":true,"href":"http:\/\/www.resiquim.com\/index.php?rest_route=%2Fwp%2Fv2%2Fproduct_tag&post=1196"}],"curies":[{"name":"wp","href":"https:\/\/api.w.org\/{rel}","templated":true}]}}