{"id":453,"date":"2025-01-07T21:05:04","date_gmt":"2025-01-08T02:05:04","guid":{"rendered":"http:\/\/localhost\/wordpress\/?post_type=product&#038;p=453"},"modified":"2025-02-05T12:12:53","modified_gmt":"2025-02-05T17:12:53","slug":"acido-citrico","status":"publish","type":"product","link":"http:\/\/www.resiquim.com\/?product=acido-citrico","title":{"rendered":"\u00c1CIDO C\u00cdTRICO"},"content":{"rendered":"<p>Es una susancia s\u00f3lida, incolora a cristales blancos y soluble en agua.<\/p>\n","protected":false},"excerpt":{"rendered":"<p>Es una susancia s\u00f3lida, incolora a cristales blancos y soluble en agua.<\/p>\n","protected":false},"featured_media":464,"comment_status":"open","ping_status":"closed","template":"","meta":[],"product_brand":[],"product_cat":[61,62,36],"product_tag":[],"class_list":{"0":"post-453","1":"product","2":"type-product","3":"status-publish","4":"has-post-thumbnail","6":"product_cat-alimenticia","7":"product_cat-cosmetica","8":"product_cat-agricola","10":"first","11":"instock","12":"shipping-taxable","13":"product-type-simple"},"_links":{"self":[{"href":"http:\/\/www.resiquim.com\/index.php?rest_route=\/wp\/v2\/product\/453","targetHints":{"allow":["GET"]}}],"collection":[{"href":"http:\/\/www.resiquim.com\/index.php?rest_route=\/wp\/v2\/product"}],"about":[{"href":"http:\/\/www.resiquim.com\/index.php?rest_route=\/wp\/v2\/types\/product"}],"replies":[{"embeddable":true,"href":"http:\/\/www.resiquim.com\/index.php?rest_route=%2Fwp%2Fv2%2Fcomments&post=453"}],"wp:featuredmedia":[{"embeddable":true,"href":"http:\/\/www.resiquim.com\/index.php?rest_route=\/wp\/v2\/media\/464"}],"wp:attachment":[{"href":"http:\/\/www.resiquim.com\/index.php?rest_route=%2Fwp%2Fv2%2Fmedia&parent=453"}],"wp:term":[{"taxonomy":"product_brand","embeddable":true,"href":"http:\/\/www.resiquim.com\/index.php?rest_route=%2Fwp%2Fv2%2Fproduct_brand&post=453"},{"taxonomy":"product_cat","embeddable":true,"href":"http:\/\/www.resiquim.com\/index.php?rest_route=%2Fwp%2Fv2%2Fproduct_cat&post=453"},{"taxonomy":"product_tag","embeddable":true,"href":"http:\/\/www.resiquim.com\/index.php?rest_route=%2Fwp%2Fv2%2Fproduct_tag&post=453"}],"curies":[{"name":"wp","href":"https:\/\/api.w.org\/{rel}","templated":true}]}}