{"id":469,"date":"2025-01-07T22:07:04","date_gmt":"2025-01-08T03:07:04","guid":{"rendered":"http:\/\/localhost\/wordpress\/?post_type=product&#038;p=469"},"modified":"2025-02-11T10:06:44","modified_gmt":"2025-02-11T15:06:44","slug":"almidon-de-maiz","status":"publish","type":"product","link":"http:\/\/www.resiquim.com\/?product=almidon-de-maiz","title":{"rendered":"ALMID\u00d3N DE MA\u00cdZ"},"content":{"rendered":"<p>Es una sustancia solida derivada del ma\u00edz en presentaci\u00f3n de polvo.<\/p>\n","protected":false},"excerpt":{"rendered":"<p>Es una sustancia solida derivada del ma\u00edz en presentaci\u00f3n de polvo.<\/p>\n","protected":false},"featured_media":470,"comment_status":"open","ping_status":"closed","template":"","meta":[],"product_brand":[],"product_cat":[61,57],"product_tag":[],"class_list":{"0":"post-469","1":"product","2":"type-product","3":"status-publish","4":"has-post-thumbnail","6":"product_cat-alimenticia","7":"product_cat-papel-y-pulpa","9":"first","10":"instock","11":"shipping-taxable","12":"product-type-simple"},"_links":{"self":[{"href":"http:\/\/www.resiquim.com\/index.php?rest_route=\/wp\/v2\/product\/469","targetHints":{"allow":["GET"]}}],"collection":[{"href":"http:\/\/www.resiquim.com\/index.php?rest_route=\/wp\/v2\/product"}],"about":[{"href":"http:\/\/www.resiquim.com\/index.php?rest_route=\/wp\/v2\/types\/product"}],"replies":[{"embeddable":true,"href":"http:\/\/www.resiquim.com\/index.php?rest_route=%2Fwp%2Fv2%2Fcomments&post=469"}],"wp:featuredmedia":[{"embeddable":true,"href":"http:\/\/www.resiquim.com\/index.php?rest_route=\/wp\/v2\/media\/470"}],"wp:attachment":[{"href":"http:\/\/www.resiquim.com\/index.php?rest_route=%2Fwp%2Fv2%2Fmedia&parent=469"}],"wp:term":[{"taxonomy":"product_brand","embeddable":true,"href":"http:\/\/www.resiquim.com\/index.php?rest_route=%2Fwp%2Fv2%2Fproduct_brand&post=469"},{"taxonomy":"product_cat","embeddable":true,"href":"http:\/\/www.resiquim.com\/index.php?rest_route=%2Fwp%2Fv2%2Fproduct_cat&post=469"},{"taxonomy":"product_tag","embeddable":true,"href":"http:\/\/www.resiquim.com\/index.php?rest_route=%2Fwp%2Fv2%2Fproduct_tag&post=469"}],"curies":[{"name":"wp","href":"https:\/\/api.w.org\/{rel}","templated":true}]}}