{"id":496,"date":"2025-01-08T20:05:21","date_gmt":"2025-01-09T01:05:21","guid":{"rendered":"https:\/\/resiquim.com\/?post_type=product&#038;p=496"},"modified":"2025-11-08T00:32:53","modified_gmt":"2025-11-08T05:32:53","slug":"acido-nitrico","status":"publish","type":"product","link":"http:\/\/www.resiquim.com\/?product=acido-nitrico","title":{"rendered":"\u00c1CIDO N\u00cdTRICO"},"content":{"rendered":"<p>L\u00edquido transparente o amarillento, altamente corrosivo y oxidante, con un olor fuerte y penetrante.<\/p>\n","protected":false},"excerpt":{"rendered":"<p>L\u00edquido transparente o amarillento, altamente corrosivo y oxidante, con un olor fuerte y penetrante.<\/p>\n","protected":false},"featured_media":497,"comment_status":"open","ping_status":"closed","template":"","meta":[],"product_brand":[],"product_cat":[24,36,29],"product_tag":[],"class_list":{"0":"post-496","1":"product","2":"type-product","3":"status-publish","4":"has-post-thumbnail","6":"product_cat-limpieza","7":"product_cat-agricola","8":"product_cat-tratamiento-de-aguas","10":"first","11":"instock","12":"shipping-taxable","13":"product-type-simple"},"_links":{"self":[{"href":"http:\/\/www.resiquim.com\/index.php?rest_route=\/wp\/v2\/product\/496","targetHints":{"allow":["GET"]}}],"collection":[{"href":"http:\/\/www.resiquim.com\/index.php?rest_route=\/wp\/v2\/product"}],"about":[{"href":"http:\/\/www.resiquim.com\/index.php?rest_route=\/wp\/v2\/types\/product"}],"replies":[{"embeddable":true,"href":"http:\/\/www.resiquim.com\/index.php?rest_route=%2Fwp%2Fv2%2Fcomments&post=496"}],"wp:featuredmedia":[{"embeddable":true,"href":"http:\/\/www.resiquim.com\/index.php?rest_route=\/wp\/v2\/media\/497"}],"wp:attachment":[{"href":"http:\/\/www.resiquim.com\/index.php?rest_route=%2Fwp%2Fv2%2Fmedia&parent=496"}],"wp:term":[{"taxonomy":"product_brand","embeddable":true,"href":"http:\/\/www.resiquim.com\/index.php?rest_route=%2Fwp%2Fv2%2Fproduct_brand&post=496"},{"taxonomy":"product_cat","embeddable":true,"href":"http:\/\/www.resiquim.com\/index.php?rest_route=%2Fwp%2Fv2%2Fproduct_cat&post=496"},{"taxonomy":"product_tag","embeddable":true,"href":"http:\/\/www.resiquim.com\/index.php?rest_route=%2Fwp%2Fv2%2Fproduct_tag&post=496"}],"curies":[{"name":"wp","href":"https:\/\/api.w.org\/{rel}","templated":true}]}}