{"id":498,"date":"2025-01-08T20:06:35","date_gmt":"2025-01-09T01:06:35","guid":{"rendered":"https:\/\/resiquim.com\/?post_type=product&#038;p=498"},"modified":"2025-09-16T17:00:49","modified_gmt":"2025-09-16T22:00:49","slug":"agua-oxigenada-30","status":"publish","type":"product","link":"http:\/\/www.resiquim.com\/?product=agua-oxigenada-30","title":{"rendered":"AGUA OXIGENADA"},"content":{"rendered":"<p>L\u00edquido incoloro y transparente, compuesto por per\u00f3xido de hidr\u00f3geno.<\/p>\n","protected":false},"excerpt":{"rendered":"<p>L\u00edquido incoloro y transparente, compuesto por per\u00f3xido de hidr\u00f3geno.<\/p>\n","protected":false},"featured_media":499,"comment_status":"open","ping_status":"closed","template":"","meta":[],"product_brand":[],"product_cat":[37,24,46],"product_tag":[],"class_list":{"0":"post-498","1":"product","2":"type-product","3":"status-publish","4":"has-post-thumbnail","6":"product_cat-textil-latex-cueros-y-curtidos","7":"product_cat-limpieza","8":"product_cat-bags","10":"first","11":"instock","12":"shipping-taxable","13":"product-type-simple"},"_links":{"self":[{"href":"http:\/\/www.resiquim.com\/index.php?rest_route=\/wp\/v2\/product\/498","targetHints":{"allow":["GET"]}}],"collection":[{"href":"http:\/\/www.resiquim.com\/index.php?rest_route=\/wp\/v2\/product"}],"about":[{"href":"http:\/\/www.resiquim.com\/index.php?rest_route=\/wp\/v2\/types\/product"}],"replies":[{"embeddable":true,"href":"http:\/\/www.resiquim.com\/index.php?rest_route=%2Fwp%2Fv2%2Fcomments&post=498"}],"wp:featuredmedia":[{"embeddable":true,"href":"http:\/\/www.resiquim.com\/index.php?rest_route=\/wp\/v2\/media\/499"}],"wp:attachment":[{"href":"http:\/\/www.resiquim.com\/index.php?rest_route=%2Fwp%2Fv2%2Fmedia&parent=498"}],"wp:term":[{"taxonomy":"product_brand","embeddable":true,"href":"http:\/\/www.resiquim.com\/index.php?rest_route=%2Fwp%2Fv2%2Fproduct_brand&post=498"},{"taxonomy":"product_cat","embeddable":true,"href":"http:\/\/www.resiquim.com\/index.php?rest_route=%2Fwp%2Fv2%2Fproduct_cat&post=498"},{"taxonomy":"product_tag","embeddable":true,"href":"http:\/\/www.resiquim.com\/index.php?rest_route=%2Fwp%2Fv2%2Fproduct_tag&post=498"}],"curies":[{"name":"wp","href":"https:\/\/api.w.org\/{rel}","templated":true}]}}