{"id":504,"date":"2025-01-08T20:11:33","date_gmt":"2025-01-09T01:11:33","guid":{"rendered":"https:\/\/resiquim.com\/?post_type=product&#038;p=504"},"modified":"2025-05-22T21:34:16","modified_gmt":"2025-05-23T02:34:16","slug":"mek-peroxido","status":"publish","type":"product","link":"http:\/\/www.resiquim.com\/?product=mek-peroxido","title":{"rendered":"MEK PER\u00d3XIDO"},"content":{"rendered":"<p>Industria de Construcci\u00f3n: Empleado en la fabricaci\u00f3n de materiales compuestos y laminados como agente de curado utilizados en construcci\u00f3n, como paneles reforzados y materiales estructurales.<\/p>\n","protected":false},"excerpt":{"rendered":"<p>Industria de Construcci\u00f3n: Empleado en la fabricaci\u00f3n de materiales compuestos y laminados como agente de curado utilizados en construcci\u00f3n, como paneles reforzados y materiales estructurales.<\/p>\n","protected":false},"featured_media":505,"comment_status":"open","ping_status":"closed","template":"","meta":[],"product_brand":[],"product_cat":[15],"product_tag":[],"class_list":{"0":"post-504","1":"product","2":"type-product","3":"status-publish","4":"has-post-thumbnail","6":"product_cat-construccion","8":"first","9":"instock","10":"shipping-taxable","11":"product-type-simple"},"_links":{"self":[{"href":"http:\/\/www.resiquim.com\/index.php?rest_route=\/wp\/v2\/product\/504","targetHints":{"allow":["GET"]}}],"collection":[{"href":"http:\/\/www.resiquim.com\/index.php?rest_route=\/wp\/v2\/product"}],"about":[{"href":"http:\/\/www.resiquim.com\/index.php?rest_route=\/wp\/v2\/types\/product"}],"replies":[{"embeddable":true,"href":"http:\/\/www.resiquim.com\/index.php?rest_route=%2Fwp%2Fv2%2Fcomments&post=504"}],"wp:featuredmedia":[{"embeddable":true,"href":"http:\/\/www.resiquim.com\/index.php?rest_route=\/wp\/v2\/media\/505"}],"wp:attachment":[{"href":"http:\/\/www.resiquim.com\/index.php?rest_route=%2Fwp%2Fv2%2Fmedia&parent=504"}],"wp:term":[{"taxonomy":"product_brand","embeddable":true,"href":"http:\/\/www.resiquim.com\/index.php?rest_route=%2Fwp%2Fv2%2Fproduct_brand&post=504"},{"taxonomy":"product_cat","embeddable":true,"href":"http:\/\/www.resiquim.com\/index.php?rest_route=%2Fwp%2Fv2%2Fproduct_cat&post=504"},{"taxonomy":"product_tag","embeddable":true,"href":"http:\/\/www.resiquim.com\/index.php?rest_route=%2Fwp%2Fv2%2Fproduct_tag&post=504"}],"curies":[{"name":"wp","href":"https:\/\/api.w.org\/{rel}","templated":true}]}}