{"id":531,"date":"2025-01-08T21:06:32","date_gmt":"2025-01-09T02:06:32","guid":{"rendered":"https:\/\/resiquim.com\/?post_type=product&#038;p=531"},"modified":"2025-02-10T12:08:18","modified_gmt":"2025-02-10T17:08:18","slug":"amoniaco-liquido_900","status":"publish","type":"product","link":"http:\/\/www.resiquim.com\/?product=amoniaco-liquido_900","title":{"rendered":"AMON\u00cdACO L\u00cdQUIDO"},"content":{"rendered":"<p>Soluci\u00f3n incolora y transparente, con un fuerte olor caracter\u00edstico.<\/p>\n","protected":false},"excerpt":{"rendered":"<p>Soluci\u00f3n incolora y transparente, con un fuerte olor caracter\u00edstico.<\/p>\n","protected":false},"featured_media":532,"comment_status":"open","ping_status":"closed","template":"","meta":[],"product_brand":[],"product_cat":[37,24,34],"product_tag":[],"class_list":{"0":"post-531","1":"product","2":"type-product","3":"status-publish","4":"has-post-thumbnail","6":"product_cat-textil-latex-cueros-y-curtidos","7":"product_cat-limpieza","8":"product_cat-galvanoplastia","10":"first","11":"instock","12":"shipping-taxable","13":"product-type-simple"},"_links":{"self":[{"href":"http:\/\/www.resiquim.com\/index.php?rest_route=\/wp\/v2\/product\/531","targetHints":{"allow":["GET"]}}],"collection":[{"href":"http:\/\/www.resiquim.com\/index.php?rest_route=\/wp\/v2\/product"}],"about":[{"href":"http:\/\/www.resiquim.com\/index.php?rest_route=\/wp\/v2\/types\/product"}],"replies":[{"embeddable":true,"href":"http:\/\/www.resiquim.com\/index.php?rest_route=%2Fwp%2Fv2%2Fcomments&post=531"}],"wp:featuredmedia":[{"embeddable":true,"href":"http:\/\/www.resiquim.com\/index.php?rest_route=\/wp\/v2\/media\/532"}],"wp:attachment":[{"href":"http:\/\/www.resiquim.com\/index.php?rest_route=%2Fwp%2Fv2%2Fmedia&parent=531"}],"wp:term":[{"taxonomy":"product_brand","embeddable":true,"href":"http:\/\/www.resiquim.com\/index.php?rest_route=%2Fwp%2Fv2%2Fproduct_brand&post=531"},{"taxonomy":"product_cat","embeddable":true,"href":"http:\/\/www.resiquim.com\/index.php?rest_route=%2Fwp%2Fv2%2Fproduct_cat&post=531"},{"taxonomy":"product_tag","embeddable":true,"href":"http:\/\/www.resiquim.com\/index.php?rest_route=%2Fwp%2Fv2%2Fproduct_tag&post=531"}],"curies":[{"name":"wp","href":"https:\/\/api.w.org\/{rel}","templated":true}]}}