{"id":540,"date":"2025-01-08T21:20:33","date_gmt":"2025-01-09T02:20:33","guid":{"rendered":"https:\/\/resiquim.com\/?post_type=product&#038;p=540"},"modified":"2025-02-11T13:24:32","modified_gmt":"2025-02-11T18:24:32","slug":"hipoclorito-de-calcio_45","status":"publish","type":"product","link":"http:\/\/www.resiquim.com\/?product=hipoclorito-de-calcio_45","title":{"rendered":"HIPOCLORITO DE CALCIO"},"content":{"rendered":"<p>Compuesto qu\u00edmico en forma de gr\u00e1nulos, con propiedades oxidantes y un olor caracter\u00edstico a cloro.<\/p>\n","protected":false},"excerpt":{"rendered":"<p>Compuesto qu\u00edmico en forma de gr\u00e1nulos, con propiedades oxidantes y un olor caracter\u00edstico a cloro.<\/p>\n","protected":false},"featured_media":541,"comment_status":"open","ping_status":"closed","template":"","meta":[],"product_brand":[],"product_cat":[24,29],"product_tag":[],"class_list":{"0":"post-540","1":"product","2":"type-product","3":"status-publish","4":"has-post-thumbnail","6":"product_cat-limpieza","7":"product_cat-tratamiento-de-aguas","9":"first","10":"instock","11":"shipping-taxable","12":"product-type-simple"},"_links":{"self":[{"href":"http:\/\/www.resiquim.com\/index.php?rest_route=\/wp\/v2\/product\/540","targetHints":{"allow":["GET"]}}],"collection":[{"href":"http:\/\/www.resiquim.com\/index.php?rest_route=\/wp\/v2\/product"}],"about":[{"href":"http:\/\/www.resiquim.com\/index.php?rest_route=\/wp\/v2\/types\/product"}],"replies":[{"embeddable":true,"href":"http:\/\/www.resiquim.com\/index.php?rest_route=%2Fwp%2Fv2%2Fcomments&post=540"}],"wp:featuredmedia":[{"embeddable":true,"href":"http:\/\/www.resiquim.com\/index.php?rest_route=\/wp\/v2\/media\/541"}],"wp:attachment":[{"href":"http:\/\/www.resiquim.com\/index.php?rest_route=%2Fwp%2Fv2%2Fmedia&parent=540"}],"wp:term":[{"taxonomy":"product_brand","embeddable":true,"href":"http:\/\/www.resiquim.com\/index.php?rest_route=%2Fwp%2Fv2%2Fproduct_brand&post=540"},{"taxonomy":"product_cat","embeddable":true,"href":"http:\/\/www.resiquim.com\/index.php?rest_route=%2Fwp%2Fv2%2Fproduct_cat&post=540"},{"taxonomy":"product_tag","embeddable":true,"href":"http:\/\/www.resiquim.com\/index.php?rest_route=%2Fwp%2Fv2%2Fproduct_tag&post=540"}],"curies":[{"name":"wp","href":"https:\/\/api.w.org\/{rel}","templated":true}]}}